{"id":2556,"date":"2023-08-28T07:20:29","date_gmt":"2023-08-28T05:20:29","guid":{"rendered":"https:\/\/gostisce-irsic.com\/showcards\/"},"modified":"2023-10-10T09:11:20","modified_gmt":"2023-10-10T07:11:20","slug":"showcards","status":"publish","type":"page","link":"https:\/\/gostisce-irsic.com\/de\/showcards\/","title":{"rendered":"SHOWCARDS"},"content":{"rendered":"\t\t<div data-elementor-type=\"wp-page\" data-elementor-id=\"2556\" class=\"elementor elementor-2556 elementor-1924\" data-elementor-post-type=\"page\">\n\t\t\t\t\t\t<section class=\"elementor-section elementor-top-section elementor-element elementor-element-c93c086 elementor-section-boxed elementor-section-height-default elementor-section-height-default\" data-id=\"c93c086\" data-element_type=\"section\" data-e-type=\"section\">\n\t\t\t\t\t\t<div class=\"elementor-container elementor-column-gap-default\">\n\t\t\t\t\t<div class=\"elementor-column elementor-col-100 elementor-top-column elementor-element elementor-element-ce6f248\" data-id=\"ce6f248\" data-element_type=\"column\" data-e-type=\"column\">\n\t\t\t<div class=\"elementor-widget-wrap elementor-element-populated\">\n\t\t\t\t\t\t<div class=\"elementor-element elementor-element-ba635b6 elementor-widget elementor-widget-heading\" data-id=\"ba635b6\" data-element_type=\"widget\" data-e-type=\"widget\" data-widget_type=\"heading.default\">\n\t\t\t\t<div class=\"elementor-widget-container\">\n\t\t\t\t\t<h1 class=\"elementor-heading-title elementor-size-default\">Cookies<\/h1>\t\t\t\t<\/div>\n\t\t\t\t<\/div>\n\t\t\t\t<div class=\"elementor-element elementor-element-a62240c elementor-widget elementor-widget-text-editor\" data-id=\"a62240c\" data-element_type=\"widget\" data-e-type=\"widget\" data-widget_type=\"text-editor.default\">\n\t\t\t\t<div class=\"elementor-widget-container\">\n\t\t\t\t\t\t\t\t\t<h2>Was sind Cookies?<\/h2>\n<p>Ein Cookie ist eine kleine Textdatei, die eine Website, die Sie besuchen, auf Ihren Computer oder ein anderes Ger\u00e4t, das Sie zum Surfen im Internet verwenden (Telefon, Tablet), herunterl\u00e4dt. Sie sind f\u00fcr die Nutzer sehr n\u00fctzlich, da sie Informationen enthalten, die das Funktionieren der Website verbessern. Cookies sammeln keine pers\u00f6nlichen Informationen \u00fcber Sie und erm\u00f6glichen keine Identifizierung des Nutzers der Website.<\/p>\n<h2>Wie funktionieren Cookies?<\/h2>\n<p>Wenn Sie die Website zum ersten Mal besuchen, werden Cookies auf Ihrem Computer gespeichert. Sie machen die Nutzung der Website angenehmer, effizienter und individueller. Cookies werden verwendet, um Informationen \u00fcber Sprach- und Standortpr\u00e4ferenzen, den Inhalt Ihres Warenkorbs zu speichern, um Ihnen Werbung zu zeigen und um den Betreibern von Websites Informationen \u00fcber die Anzahl der Besucher ihrer Website, die meistgelesenen Inhalte, die am h\u00e4ufigsten genutzten Funktionen usw. zu liefern. und nutzen diese Informationen, um ihre Website zu verbessern und benutzerfreundlicher zu gestalten.<\/p>\n<h2>Arten von Cookies<\/h2>\n<p>Tempor\u00e4re oder Sitzungs-Cookies werden nicht gespeichert, sondern jedes Mal gel\u00f6scht, wenn Sie Ihren Browser schlie\u00dfen.<\/p>\n<p>Dauerhafte Cookies bleiben gespeichert, auch wenn Sie Ihren Browser schlie\u00dfen. Sie werden verwendet, um Registrierungsinformationen, Spracheinstellungen f\u00fcr die Seite, Verkehrsanalysen usw. zu speichern. Sie k\u00f6nnen Tage, Monate oder sogar Jahre auf Ihrem Computer bleiben.<\/p>\n<p>Erstanbieter-Cookies stammen von der Website, die der Nutzer gerade besucht, und k\u00f6nnen dauerhaft oder vor\u00fcbergehend sein. Die Website verwendet diese Cookies, um Informationen zu speichern, und wird sie beim n\u00e4chsten Besuch der Website wieder verwenden. Andere Cookies (3rd-Party-Cookies) stammen von anderen Partner-Websites (zum Beispiel zeigen sie Werbung auf der urspr\u00fcnglichen Website oder messen prornet). Dritte k\u00f6nnen sie verwenden, um Informationen \u00fcber Nutzer von verschiedenen Websites zu sammeln und sie f\u00fcr verschiedene Zwecke zu verwenden, z. B. um f\u00fcr ihre Produkte zu werben, sie zu analysieren und zu verbessern.<\/p>\n\t\t\t\t\t\t\t\t<\/div>\n\t\t\t\t<\/div>\n\t\t\t\t<div class=\"elementor-element elementor-element-6c6a08d elementor-widget elementor-widget-text-editor\" data-id=\"6c6a08d\" data-element_type=\"widget\" data-e-type=\"widget\" data-widget_type=\"text-editor.default\">\n\t\t\t\t<div class=\"elementor-widget-container\">\n\t\t\t\t\t\t\t\t\t<h3>Die von dieser Website verwendeten Cookies:<\/h3>\n<div>\n<table border=\"0\" width=\"895\" cellspacing=\"1\" cellpadding=\"0\" align=\"left\">\n<thead>\n<tr>\n<th scope=\"col\">Cookie-Quelle<\/th>\n<th scope=\"col\">Name<\/th>\n<th scope=\"col\">Wo befindet es sich<\/th>\n<th scope=\"col\">Wof\u00fcr ist es gedacht?<\/th>\n<th scope=\"col\">Speicherzeit<\/th>\n<\/tr>\n<\/thead>\n<tbody>\n<tr>\n<td>gast-irsic<\/td>\n<td>.tt-gostisce-irsic-website<\/td>\n<td>alle Seiten<\/td>\n<td>\n<p>Bessere Nutzererfahrung<\/p>\n<p>registrierter Besucher<\/p>\n<\/td>\n<td>1 Jahr<\/td>\n<\/tr>\n<tr>\n<td>gast-irsic<\/td>\n<td>.tt-wp-anonynnous<\/td>\n<td>alle Seiten<\/td>\n<td>\n<p>Bessere Nutzererfahrung<\/p>\n<p>registrierter Besucher<\/p>\n<\/td>\n<td>\/<\/td>\n<\/tr>\n<tr>\n<td>Gast-irisch<\/td>\n<td>AllowCookies<\/td>\n<td>alle Seiten<\/td>\n<td>Cookie-Einstellungen<\/td>\n<td>1 Jahr<\/td>\n<\/tr>\n<tr>\n<td>gast-irsic<\/td>\n<td>_ga, _gat, _gid<\/td>\n<td>alle Seiten<\/td>\n<td>\n<p>\u00dcberwachung und Analyse der Besuche<\/p>\n<p>Seiten (Google Analytics)<\/p>\n<\/td>\n<td>2 Jahre, 1 Tag, 1 Tag<\/td>\n<\/tr>\n<\/tbody>\n<\/table>\n<\/div>\n\t\t\t\t\t\t\t\t<\/div>\n\t\t\t\t<\/div>\n\t\t\t\t<div class=\"elementor-element elementor-element-1735378 elementor-widget elementor-widget-text-editor\" data-id=\"1735378\" data-element_type=\"widget\" data-e-type=\"widget\" data-widget_type=\"text-editor.default\">\n\t\t\t\t<div class=\"elementor-widget-container\">\n\t\t\t\t\t\t\t\t\t<h2>Deaktivieren von Cookies in Ihrem Webbrowser<\/h2>\n<p>Internet Explorer<\/p>\n<p>http:\/\/windows.microsoft.com\/sl-si\/windows-vista\/cookies-frequently-asked-questions<\/p>\n<p>Google Chrome<\/p>\n<p>https:\/\/support.google.co m\/chrome\/answer\/95647? h I -sl<\/p>\n<p>Mozzila Firefox<\/p>\n<p>http:\/\/support.mozilla.org\/sl\/kb\/cookies-information-websites-store-on-your-computer<\/p>\n<p>Safari<\/p>\n<p>http:\/\/www.apple.com\/support\/safari\/<\/p>\n<p>Oper<\/p>\n<p>http:\/\/www.opera.com\/browser\/tutoriaIs\/security\/privacy\/<\/p>\n<h2>Ausschluss von Cookies aus anderen L\u00e4ndern<\/h2>\n<p>Adobe Flash Player<\/p>\n<p>http:\/\/helpx.adobe.com\/flash-player\/kb\/disable-local-shared-objects-fiash.html<\/p>\n<p>Google Analytics<\/p>\n<p>https:\/\/tools.google.com\/dlpage\/gaoptout<\/p>\n\t\t\t\t\t\t\t\t<\/div>\n\t\t\t\t<\/div>\n\t\t\t\t\t<\/div>\n\t\t<\/div>\n\t\t\t\t\t<\/div>\n\t\t<\/section>\n\t\t\t\t<section class=\"elementor-section elementor-top-section elementor-element elementor-element-990eda1 elementor-section-boxed elementor-section-height-default elementor-section-height-default\" data-id=\"990eda1\" data-element_type=\"section\" data-e-type=\"section\">\n\t\t\t\t\t\t<div class=\"elementor-container elementor-column-gap-default\">\n\t\t\t\t\t<div class=\"elementor-column elementor-col-50 elementor-top-column elementor-element elementor-element-5a935a5\" data-id=\"5a935a5\" data-element_type=\"column\" data-e-type=\"column\">\n\t\t\t<div class=\"elementor-widget-wrap elementor-element-populated\">\n\t\t\t\t\t\t<div class=\"elementor-element elementor-element-301f7fe elementor-widget elementor-widget-image\" data-id=\"301f7fe\" data-element_type=\"widget\" data-e-type=\"widget\" data-widget_type=\"image.default\">\n\t\t\t\t<div class=\"elementor-widget-container\">\n\t\t\t\t\t\t\t\t\t\t\t\t\t\t\t<img decoding=\"async\" width=\"175\" height=\"45\" src=\"https:\/\/gostisce-irsic.com\/wp-content\/uploads\/2023\/06\/Screenshot_2020-10-17-Homepage_0.png\" class=\"attachment-large size-large wp-image-2241\" alt=\"\" \/>\t\t\t\t\t\t\t\t\t\t\t\t\t\t\t<\/div>\n\t\t\t\t<\/div>\n\t\t\t\t\t<\/div>\n\t\t<\/div>\n\t\t\t\t<div class=\"elementor-column elementor-col-50 elementor-top-column elementor-element elementor-element-90367de\" data-id=\"90367de\" data-element_type=\"column\" data-e-type=\"column\">\n\t\t\t<div class=\"elementor-widget-wrap elementor-element-populated\">\n\t\t\t\t\t\t<div class=\"elementor-element elementor-element-14fa5e5 elementor-widget elementor-widget-image\" data-id=\"14fa5e5\" data-element_type=\"widget\" data-e-type=\"widget\" data-widget_type=\"image.default\">\n\t\t\t\t<div class=\"elementor-widget-container\">\n\t\t\t\t\t\t\t\t\t\t\t\t\t\t\t<img decoding=\"async\" width=\"123\" height=\"54\" src=\"https:\/\/gostisce-irsic.com\/wp-content\/uploads\/2023\/06\/Screenshot_2020-10-17-Homepage1.png\" class=\"attachment-large size-large wp-image-2239\" alt=\"\" \/>\t\t\t\t\t\t\t\t\t\t\t\t\t\t\t<\/div>\n\t\t\t\t<\/div>\n\t\t\t\t\t<\/div>\n\t\t<\/div>\n\t\t\t\t\t<\/div>\n\t\t<\/section>\n\t\t\t\t<\/div>\n\t\t","protected":false},"excerpt":{"rendered":"<p>Cookies Was sind Cookies? Ein Cookie ist eine kleine Textdatei, die eine Website, die Sie besuchen, auf Ihren Computer oder ein anderes Ger\u00e4t, das Sie zum Surfen im Internet verwenden (Telefon, Tablet), herunterl\u00e4dt. Sie sind f\u00fcr die Nutzer sehr n\u00fctzlich, da sie Informationen enthalten, die das Funktionieren der Website verbessern. Cookies sammeln keine pers\u00f6nlichen Informationen [&hellip;]<\/p>\n","protected":false},"author":1,"featured_media":0,"parent":0,"menu_order":0,"comment_status":"closed","ping_status":"closed","template":"","meta":{"site-sidebar-layout":"no-sidebar","site-content-layout":"page-builder","ast-site-content-layout":"default","site-content-style":"default","site-sidebar-style":"default","ast-global-header-display":"","ast-banner-title-visibility":"","ast-main-header-display":"","ast-hfb-above-header-display":"","ast-hfb-below-header-display":"","ast-hfb-mobile-header-display":"","site-post-title":"disabled","ast-breadcrumbs-content":"","ast-featured-img":"disabled","footer-sml-layout":"","ast-disable-related-posts":"","theme-transparent-header-meta":"","adv-header-id-meta":"","stick-header-meta":"","header-above-stick-meta":"","header-main-stick-meta":"","header-below-stick-meta":"","astra-migrate-meta-layouts":"default","ast-page-background-enabled":"default","ast-page-background-meta":{"desktop":{"background-color":"var(--ast-global-color-4)","background-image":"","background-repeat":"repeat","background-position":"center center","background-size":"auto","background-attachment":"scroll","background-type":"","background-media":"","overlay-type":"","overlay-color":"","overlay-opacity":"","overlay-gradient":""},"tablet":{"background-color":"","background-image":"","background-repeat":"repeat","background-position":"center center","background-size":"auto","background-attachment":"scroll","background-type":"","background-media":"","overlay-type":"","overlay-color":"","overlay-opacity":"","overlay-gradient":""},"mobile":{"background-color":"","background-image":"","background-repeat":"repeat","background-position":"center center","background-size":"auto","background-attachment":"scroll","background-type":"","background-media":"","overlay-type":"","overlay-color":"","overlay-opacity":"","overlay-gradient":""}},"ast-content-background-meta":{"desktop":{"background-color":"var(--ast-global-color-5)","background-image":"","background-repeat":"repeat","background-position":"center center","background-size":"auto","background-attachment":"scroll","background-type":"","background-media":"","overlay-type":"","overlay-color":"","overlay-opacity":"","overlay-gradient":""},"tablet":{"background-color":"var(--ast-global-color-5)","background-image":"","background-repeat":"repeat","background-position":"center center","background-size":"auto","background-attachment":"scroll","background-type":"","background-media":"","overlay-type":"","overlay-color":"","overlay-opacity":"","overlay-gradient":""},"mobile":{"background-color":"var(--ast-global-color-5)","background-image":"","background-repeat":"repeat","background-position":"center center","background-size":"auto","background-attachment":"scroll","background-type":"","background-media":"","overlay-type":"","overlay-color":"","overlay-opacity":"","overlay-gradient":""}},"footnotes":""},"class_list":["post-2556","page","type-page","status-publish","hentry"],"_links":{"self":[{"href":"https:\/\/gostisce-irsic.com\/de\/wp-json\/wp\/v2\/pages\/2556","targetHints":{"allow":["GET"]}}],"collection":[{"href":"https:\/\/gostisce-irsic.com\/de\/wp-json\/wp\/v2\/pages"}],"about":[{"href":"https:\/\/gostisce-irsic.com\/de\/wp-json\/wp\/v2\/types\/page"}],"author":[{"embeddable":true,"href":"https:\/\/gostisce-irsic.com\/de\/wp-json\/wp\/v2\/users\/1"}],"replies":[{"embeddable":true,"href":"https:\/\/gostisce-irsic.com\/de\/wp-json\/wp\/v2\/comments?post=2556"}],"version-history":[{"count":2,"href":"https:\/\/gostisce-irsic.com\/de\/wp-json\/wp\/v2\/pages\/2556\/revisions"}],"predecessor-version":[{"id":2561,"href":"https:\/\/gostisce-irsic.com\/de\/wp-json\/wp\/v2\/pages\/2556\/revisions\/2561"}],"wp:attachment":[{"href":"https:\/\/gostisce-irsic.com\/de\/wp-json\/wp\/v2\/media?parent=2556"}],"curies":[{"name":"wp","href":"https:\/\/api.w.org\/{rel}","templated":true}]}}