{"id":2495,"date":"2023-06-20T09:57:24","date_gmt":"2023-06-20T07:57:24","guid":{"rendered":"https:\/\/gostisce-irsic.com\/kofinanzierung\/"},"modified":"2023-10-10T09:11:19","modified_gmt":"2023-10-10T07:11:19","slug":"kofinanzierung","status":"publish","type":"page","link":"https:\/\/gostisce-irsic.com\/de\/kofinanzierung\/","title":{"rendered":"Kofinanzierung"},"content":{"rendered":"\t\t<div data-elementor-type=\"wp-page\" data-elementor-id=\"2495\" class=\"elementor elementor-2495 elementor-1390\" data-elementor-post-type=\"page\">\n\t\t\t\t\t\t<section class=\"elementor-section elementor-top-section elementor-element elementor-element-c93c086 elementor-section-boxed elementor-section-height-default elementor-section-height-default\" data-id=\"c93c086\" data-element_type=\"section\" data-e-type=\"section\">\n\t\t\t\t\t\t<div class=\"elementor-container elementor-column-gap-default\">\n\t\t\t\t\t<div class=\"elementor-column elementor-col-100 elementor-top-column elementor-element elementor-element-ce6f248\" data-id=\"ce6f248\" data-element_type=\"column\" data-e-type=\"column\">\n\t\t\t<div class=\"elementor-widget-wrap elementor-element-populated\">\n\t\t\t\t\t\t<div class=\"elementor-element elementor-element-ba635b6 elementor-widget elementor-widget-heading\" data-id=\"ba635b6\" data-element_type=\"widget\" data-e-type=\"widget\" data-widget_type=\"heading.default\">\n\t\t\t\t<div class=\"elementor-widget-container\">\n\t\t\t\t\t<h1 class=\"elementor-heading-title elementor-size-default\">Kofinanzierung<\/h1>\t\t\t\t<\/div>\n\t\t\t\t<\/div>\n\t\t\t\t<div class=\"elementor-element elementor-element-0ba46f7 elementor-widget elementor-widget-heading\" data-id=\"0ba46f7\" data-element_type=\"widget\" data-e-type=\"widget\" data-widget_type=\"heading.default\">\n\t\t\t\t<div class=\"elementor-widget-container\">\n\t\t\t\t\t<h2 class=\"elementor-heading-title elementor-size-default\">Ausschreibung: Unterst\u00fctzung von Kleinst-, Klein- und mittleren Unternehmen im Bereich Tourismus zur Steigerung der Material- und Energieeffizienz<\/h2>\t\t\t\t<\/div>\n\t\t\t\t<\/div>\n\t\t\t\t<div class=\"elementor-element elementor-element-a62240c elementor-widget elementor-widget-text-editor\" data-id=\"a62240c\" data-element_type=\"widget\" data-e-type=\"widget\" data-widget_type=\"text-editor.default\">\n\t\t\t\t<div class=\"elementor-widget-container\">\n\t\t\t\t\t\t\t\t\t<p><strong>Titel der Operation:  <\/strong><\/p>\n<p>ENERGETISCHE SANIERUNG DES GASTHAUSES IR\u0160I\u010c UND DER ZIMMER<\/p>\n<\/p>\n<\/p>\n<p><strong>Beschreibung des Vorgangs:<\/strong><\/p>\n<p>Im Rahmen der \u00f6ffentlichen Ausschreibung &#8222;Unterst\u00fctzung f\u00fcr Kleinst-, kleine und mittlere Unternehmen im Bereich des Tourismus zur Steigerung der Material- und Energieeffizienz, kofinanziert von der Republik Slowenien und der Europ\u00e4ischen Union aus dem Europ\u00e4ischen Fonds f\u00fcr regionale Entwicklung&#8220; hat das Unternehmen Du\u0161an Ir\u0161i\u010d s.p. erfolgreich einen Zuschuss f\u00fcr die Durchf\u00fchrung der Ma\u00dfnahme &#8222;ENERGIEERNEUERUNG DES IR\u0160I\u010c HOSPITALIT\u00c4T UND ZIMMER&#8220; erhalten.  <\/p>\n<\/p>\n<p>Im Rahmen des Projekts &#8222;Energetische Renovierung des IR\u0160I\u010c-G\u00e4stehauses und der Zimmer&#8220; werden die Unterkunftseinrichtungen und das Ir\u0161i\u010d-G\u00e4stehaus renoviert, um die Energie- und Materialeffizienz zu verbessern. Im Rahmen des Projekts werden die Geb\u00e4udeh\u00fclle saniert, der Dachboden und der Keller isoliert, die Fenster durch energieeffizientere ersetzt, der vorhandene Ofen durch eine W\u00e4rmepumpe ersetzt, ein Ventilator mit W\u00e4rmer\u00fcckgewinnung installiert, alle Armaturen durch energieeffizientere ersetzt und die Abfallmenge durch einen Dehydrator verringert, Reduzierung des Wasserverbrauchs durch einen Regenwassertank, Installation von Konvektoren, Austausch von Gl\u00fchbirnen durch Energiesparlampen, Erstellung eines Energieausweises, Neugestaltung der Website und Druck neuer Werbematerialien wie Brosch\u00fcren, Faltbl\u00e4tter, Versandtaschen usw.<\/p>\n<\/p>\n<p>Ziel der Aufforderung zur Einreichung von Vorschl\u00e4gen ist die Verbesserung der Wettbewerbsf\u00e4higkeit von KMU im Tourismussektor durch die F\u00f6rderung von Ma\u00dfnahmen zur Nutzung erneuerbarer Energiequellen und zur Reduzierung des Energie- und Materialverbrauchs.  <\/p>\n<\/p>\n<p>Ziel der Ma\u00dfnahme ist es, die Wettbewerbsf\u00e4higkeit der Tourismusunternehmen durch Ma\u00dfnahmen zur Nutzung erneuerbarer Energiequellen und zur Verringerung des Energie- und Materialverbrauchs zu verbessern. Ziel der Ma\u00dfnahme ist es, die Betriebskosten durch die Einf\u00fchrung von Material- und Energieeffizienzma\u00dfnahmen oder die verst\u00e4rkte Nutzung erneuerbarer Energiequellen zu senken und den Entwicklungsr\u00fcckstand des Tourismusunternehmens zu verringern. Die Ma\u00dfnahme f\u00fchrte zur energetischen Sanierung des G\u00e4stehauses und der Zimmer von Ir\u0161i\u010d.  <\/p>\n<\/p>\n<p>Der f\u00fcr die Durchf\u00fchrung der Ma\u00dfnahme erhaltene Zuschuss bel\u00e4uft sich auf 155.835,05 \u20ac.<\/p>\n<\/p>\n<p>Erfahren Sie mehr \u00fcber Zusch\u00fcsse und EU-Fonds unter <a href=\"http:\/\/www.eu-skladi.si\/\">www.eu-skladi.si<\/a><\/p>\n<\/p>\n<p>Die Investition wurde von der Republik Slowenien und der Europ\u00e4ischen Union im Rahmen des Europ\u00e4ischen Fonds f\u00fcr regionale Entwicklung kofinanziert.<\/p>\n<\/p>\n<p><a href=\"http:\/\/www.eu-skladi.si\/\">www.eu-skladi.si<\/a><\/p>\n\t\t\t\t\t\t\t\t<\/div>\n\t\t\t\t<\/div>\n\t\t\t\t\t<\/div>\n\t\t<\/div>\n\t\t\t\t\t<\/div>\n\t\t<\/section>\n\t\t\t\t<section class=\"elementor-section elementor-top-section elementor-element elementor-element-990eda1 elementor-section-boxed elementor-section-height-default elementor-section-height-default\" data-id=\"990eda1\" data-element_type=\"section\" data-e-type=\"section\">\n\t\t\t\t\t\t<div class=\"elementor-container elementor-column-gap-default\">\n\t\t\t\t\t<div class=\"elementor-column elementor-col-50 elementor-top-column elementor-element elementor-element-5a935a5\" data-id=\"5a935a5\" data-element_type=\"column\" data-e-type=\"column\">\n\t\t\t<div class=\"elementor-widget-wrap elementor-element-populated\">\n\t\t\t\t\t\t<div class=\"elementor-element elementor-element-301f7fe elementor-widget elementor-widget-image\" data-id=\"301f7fe\" data-element_type=\"widget\" data-e-type=\"widget\" data-widget_type=\"image.default\">\n\t\t\t\t<div class=\"elementor-widget-container\">\n\t\t\t\t\t\t\t\t\t\t\t\t\t\t\t<img decoding=\"async\" width=\"175\" height=\"45\" src=\"https:\/\/gostisce-irsic.com\/wp-content\/uploads\/2023\/06\/Screenshot_2020-10-17-Homepage_0.png\" class=\"attachment-large size-large wp-image-2241\" alt=\"\" \/>\t\t\t\t\t\t\t\t\t\t\t\t\t\t\t<\/div>\n\t\t\t\t<\/div>\n\t\t\t\t\t<\/div>\n\t\t<\/div>\n\t\t\t\t<div class=\"elementor-column elementor-col-50 elementor-top-column elementor-element elementor-element-90367de\" data-id=\"90367de\" data-element_type=\"column\" data-e-type=\"column\">\n\t\t\t<div class=\"elementor-widget-wrap elementor-element-populated\">\n\t\t\t\t\t\t<div class=\"elementor-element elementor-element-14fa5e5 elementor-widget elementor-widget-image\" data-id=\"14fa5e5\" data-element_type=\"widget\" data-e-type=\"widget\" data-widget_type=\"image.default\">\n\t\t\t\t<div class=\"elementor-widget-container\">\n\t\t\t\t\t\t\t\t\t\t\t\t\t\t\t<img decoding=\"async\" width=\"123\" height=\"54\" src=\"https:\/\/gostisce-irsic.com\/wp-content\/uploads\/2023\/06\/Screenshot_2020-10-17-Homepage1.png\" class=\"attachment-large size-large wp-image-2239\" alt=\"\" \/>\t\t\t\t\t\t\t\t\t\t\t\t\t\t\t<\/div>\n\t\t\t\t<\/div>\n\t\t\t\t\t<\/div>\n\t\t<\/div>\n\t\t\t\t\t<\/div>\n\t\t<\/section>\n\t\t\t\t<\/div>\n\t\t","protected":false},"excerpt":{"rendered":"<p>Kofinanzierung Ausschreibung: Unterst\u00fctzung von Kleinst-, Klein- und mittleren Unternehmen im Bereich Tourismus zur Steigerung der Material- und Energieeffizienz Titel der Operation: ENERGETISCHE SANIERUNG DES GASTHAUSES IR\u0160I\u010c UND DER ZIMMER Beschreibung des Vorgangs: Im Rahmen der \u00f6ffentlichen Ausschreibung &#8222;Unterst\u00fctzung f\u00fcr Kleinst-, kleine und mittlere Unternehmen im Bereich des Tourismus zur Steigerung der Material- und Energieeffizienz, kofinanziert [&hellip;]<\/p>\n","protected":false},"author":1,"featured_media":0,"parent":0,"menu_order":0,"comment_status":"closed","ping_status":"closed","template":"","meta":{"site-sidebar-layout":"no-sidebar","site-content-layout":"page-builder","ast-site-content-layout":"default","site-content-style":"default","site-sidebar-style":"default","ast-global-header-display":"","ast-banner-title-visibility":"","ast-main-header-display":"","ast-hfb-above-header-display":"","ast-hfb-below-header-display":"","ast-hfb-mobile-header-display":"","site-post-title":"disabled","ast-breadcrumbs-content":"","ast-featured-img":"disabled","footer-sml-layout":"","ast-disable-related-posts":"","theme-transparent-header-meta":"","adv-header-id-meta":"","stick-header-meta":"","header-above-stick-meta":"","header-main-stick-meta":"","header-below-stick-meta":"","astra-migrate-meta-layouts":"default","ast-page-background-enabled":"default","ast-page-background-meta":{"desktop":{"background-color":"var(--ast-global-color-4)","background-image":"","background-repeat":"repeat","background-position":"center center","background-size":"auto","background-attachment":"scroll","background-type":"","background-media":"","overlay-type":"","overlay-color":"","overlay-opacity":"","overlay-gradient":""},"tablet":{"background-color":"","background-image":"","background-repeat":"repeat","background-position":"center center","background-size":"auto","background-attachment":"scroll","background-type":"","background-media":"","overlay-type":"","overlay-color":"","overlay-opacity":"","overlay-gradient":""},"mobile":{"background-color":"","background-image":"","background-repeat":"repeat","background-position":"center center","background-size":"auto","background-attachment":"scroll","background-type":"","background-media":"","overlay-type":"","overlay-color":"","overlay-opacity":"","overlay-gradient":""}},"ast-content-background-meta":{"desktop":{"background-color":"var(--ast-global-color-5)","background-image":"","background-repeat":"repeat","background-position":"center center","background-size":"auto","background-attachment":"scroll","background-type":"","background-media":"","overlay-type":"","overlay-color":"","overlay-opacity":"","overlay-gradient":""},"tablet":{"background-color":"var(--ast-global-color-5)","background-image":"","background-repeat":"repeat","background-position":"center center","background-size":"auto","background-attachment":"scroll","background-type":"","background-media":"","overlay-type":"","overlay-color":"","overlay-opacity":"","overlay-gradient":""},"mobile":{"background-color":"var(--ast-global-color-5)","background-image":"","background-repeat":"repeat","background-position":"center center","background-size":"auto","background-attachment":"scroll","background-type":"","background-media":"","overlay-type":"","overlay-color":"","overlay-opacity":"","overlay-gradient":""}},"footnotes":""},"class_list":["post-2495","page","type-page","status-publish","hentry"],"_links":{"self":[{"href":"https:\/\/gostisce-irsic.com\/de\/wp-json\/wp\/v2\/pages\/2495","targetHints":{"allow":["GET"]}}],"collection":[{"href":"https:\/\/gostisce-irsic.com\/de\/wp-json\/wp\/v2\/pages"}],"about":[{"href":"https:\/\/gostisce-irsic.com\/de\/wp-json\/wp\/v2\/types\/page"}],"author":[{"embeddable":true,"href":"https:\/\/gostisce-irsic.com\/de\/wp-json\/wp\/v2\/users\/1"}],"replies":[{"embeddable":true,"href":"https:\/\/gostisce-irsic.com\/de\/wp-json\/wp\/v2\/comments?post=2495"}],"version-history":[{"count":2,"href":"https:\/\/gostisce-irsic.com\/de\/wp-json\/wp\/v2\/pages\/2495\/revisions"}],"predecessor-version":[{"id":2508,"href":"https:\/\/gostisce-irsic.com\/de\/wp-json\/wp\/v2\/pages\/2495\/revisions\/2508"}],"wp:attachment":[{"href":"https:\/\/gostisce-irsic.com\/de\/wp-json\/wp\/v2\/media?parent=2495"}],"curies":[{"name":"wp","href":"https:\/\/api.w.org\/{rel}","templated":true}]}}