{"id":2455,"date":"2021-11-21T15:14:19","date_gmt":"2021-11-21T14:14:19","guid":{"rendered":"https:\/\/gostisce-irsic.com\/ueber-uns\/"},"modified":"2023-10-24T22:37:09","modified_gmt":"2023-10-24T20:37:09","slug":"ueber-uns","status":"publish","type":"page","link":"https:\/\/gostisce-irsic.com\/de\/ueber-uns\/","title":{"rendered":"\u00dcber uns"},"content":{"rendered":"\t\t<div data-elementor-type=\"wp-page\" data-elementor-id=\"2455\" class=\"elementor elementor-2455 elementor-1317\" data-elementor-post-type=\"page\">\n\t\t\t\t\t\t<section class=\"elementor-section elementor-top-section elementor-element elementor-element-c8ddeb6 elementor-section-height-min-height elementor-section-boxed elementor-section-height-default elementor-section-items-middle\" data-id=\"c8ddeb6\" data-element_type=\"section\" data-e-type=\"section\" data-settings=\"{&quot;background_background&quot;:&quot;classic&quot;}\">\n\t\t\t\t\t\t\t<div class=\"elementor-background-overlay\"><\/div>\n\t\t\t\t\t\t\t<div class=\"elementor-container elementor-column-gap-default\">\n\t\t\t\t\t<div class=\"elementor-column elementor-col-100 elementor-top-column elementor-element elementor-element-6a5337e\" data-id=\"6a5337e\" data-element_type=\"column\" data-e-type=\"column\">\n\t\t\t<div class=\"elementor-widget-wrap elementor-element-populated\">\n\t\t\t\t\t\t<div class=\"elementor-element elementor-element-feefb6c elementor-widget elementor-widget-heading\" data-id=\"feefb6c\" data-element_type=\"widget\" data-e-type=\"widget\" data-widget_type=\"heading.default\">\n\t\t\t\t<div class=\"elementor-widget-container\">\n\t\t\t\t\t<h1 class=\"elementor-heading-title elementor-size-default\">\u00dcBER UNS<\/h1>\t\t\t\t<\/div>\n\t\t\t\t<\/div>\n\t\t\t\t<div class=\"elementor-element elementor-element-b5923f8 elementor-widget elementor-widget-heading\" data-id=\"b5923f8\" data-element_type=\"widget\" data-e-type=\"widget\" data-widget_type=\"heading.default\">\n\t\t\t\t<div class=\"elementor-widget-container\">\n\t\t\t\t\t<h1 class=\"elementor-heading-title elementor-size-default\">HOSTEL IR\u0160I\u010c<\/h1>\t\t\t\t<\/div>\n\t\t\t\t<\/div>\n\t\t\t\t\t<\/div>\n\t\t<\/div>\n\t\t\t\t\t<\/div>\n\t\t<\/section>\n\t\t\t\t<section class=\"elementor-section elementor-top-section elementor-element elementor-element-8515241 elementor-section-boxed elementor-section-height-default elementor-section-height-default\" data-id=\"8515241\" data-element_type=\"section\" data-e-type=\"section\">\n\t\t\t\t\t\t<div class=\"elementor-container elementor-column-gap-default\">\n\t\t\t\t\t<div class=\"elementor-column elementor-col-100 elementor-top-column elementor-element elementor-element-a2eb6e0\" data-id=\"a2eb6e0\" data-element_type=\"column\" data-e-type=\"column\">\n\t\t\t<div class=\"elementor-widget-wrap elementor-element-populated\">\n\t\t\t\t\t\t\t<\/div>\n\t\t<\/div>\n\t\t\t\t\t<\/div>\n\t\t<\/section>\n\t\t\t\t<section class=\"elementor-section elementor-top-section elementor-element elementor-element-826a713 elementor-section-boxed elementor-section-height-default elementor-section-height-default\" data-id=\"826a713\" data-element_type=\"section\" data-e-type=\"section\">\n\t\t\t\t\t\t<div class=\"elementor-container elementor-column-gap-default\">\n\t\t\t\t\t<div class=\"elementor-column elementor-col-100 elementor-top-column elementor-element elementor-element-c7995af\" data-id=\"c7995af\" data-element_type=\"column\" data-e-type=\"column\">\n\t\t\t<div class=\"elementor-widget-wrap elementor-element-populated\">\n\t\t\t\t\t\t<div class=\"elementor-element elementor-element-35bcace elementor-widget elementor-widget-image\" data-id=\"35bcace\" data-element_type=\"widget\" data-e-type=\"widget\" data-widget_type=\"image.default\">\n\t\t\t\t<div class=\"elementor-widget-container\">\n\t\t\t\t\t\t\t\t\t\t\t\t\t\t\t<img decoding=\"async\" width=\"29\" height=\"53\" src=\"https:\/\/gostisce-irsic.com\/wp-content\/uploads\/2023\/05\/Logo_ikona_1.png\" class=\"attachment-large size-large wp-image-2219\" alt=\"\" \/>\t\t\t\t\t\t\t\t\t\t\t\t\t\t\t<\/div>\n\t\t\t\t<\/div>\n\t\t\t\t<div class=\"elementor-element elementor-element-848ba2e elementor-widget elementor-widget-heading\" data-id=\"848ba2e\" data-element_type=\"widget\" data-e-type=\"widget\" data-widget_type=\"heading.default\">\n\t\t\t\t<div class=\"elementor-widget-container\">\n\t\t\t\t\t<h1 class=\"elementor-heading-title elementor-size-default\">Mehr als 30 Jahre Tradition<\/h1>\t\t\t\t<\/div>\n\t\t\t\t<\/div>\n\t\t\t\t\t<\/div>\n\t\t<\/div>\n\t\t\t\t\t<\/div>\n\t\t<\/section>\n\t\t\t\t<section class=\"elementor-section elementor-top-section elementor-element elementor-element-483162b elementor-section-boxed elementor-section-height-default elementor-section-height-default\" data-id=\"483162b\" data-element_type=\"section\" data-e-type=\"section\">\n\t\t\t\t\t\t<div class=\"elementor-container elementor-column-gap-default\">\n\t\t\t\t\t<div class=\"elementor-column elementor-col-50 elementor-top-column elementor-element elementor-element-fcaf84c\" data-id=\"fcaf84c\" data-element_type=\"column\" data-e-type=\"column\">\n\t\t\t<div class=\"elementor-widget-wrap elementor-element-populated\">\n\t\t\t\t\t\t<div class=\"elementor-element elementor-element-826a246 elementor-invisible elementor-widget elementor-widget-image\" data-id=\"826a246\" data-element_type=\"widget\" data-e-type=\"widget\" data-settings=\"{&quot;_animation&quot;:&quot;fadeInUp&quot;}\" data-widget_type=\"image.default\">\n\t\t\t\t<div class=\"elementor-widget-container\">\n\t\t\t\t\t\t\t\t\t\t\t\t\t\t\t<img fetchpriority=\"high\" decoding=\"async\" width=\"2560\" height=\"1709\" src=\"https:\/\/gostisce-irsic.com\/wp-content\/uploads\/2023\/08\/Lina-2022-marec-190-scaled.jpg\" class=\"attachment-full size-full wp-image-2411\" alt=\"\" srcset=\"https:\/\/gostisce-irsic.com\/wp-content\/uploads\/2023\/08\/Lina-2022-marec-190-scaled.jpg 2560w, https:\/\/gostisce-irsic.com\/wp-content\/uploads\/2023\/08\/Lina-2022-marec-190-300x200.jpg 300w, https:\/\/gostisce-irsic.com\/wp-content\/uploads\/2023\/08\/Lina-2022-marec-190-1024x684.jpg 1024w, https:\/\/gostisce-irsic.com\/wp-content\/uploads\/2023\/08\/Lina-2022-marec-190-768x513.jpg 768w, https:\/\/gostisce-irsic.com\/wp-content\/uploads\/2023\/08\/Lina-2022-marec-190-1536x1025.jpg 1536w, https:\/\/gostisce-irsic.com\/wp-content\/uploads\/2023\/08\/Lina-2022-marec-190-2048x1367.jpg 2048w\" sizes=\"(max-width: 2560px) 100vw, 2560px\" \/>\t\t\t\t\t\t\t\t\t\t\t\t\t\t\t<\/div>\n\t\t\t\t<\/div>\n\t\t\t\t\t<\/div>\n\t\t<\/div>\n\t\t\t\t<div class=\"elementor-column elementor-col-50 elementor-top-column elementor-element elementor-element-a237ddb\" data-id=\"a237ddb\" data-element_type=\"column\" data-e-type=\"column\">\n\t\t\t<div class=\"elementor-widget-wrap elementor-element-populated\">\n\t\t\t\t\t\t<div class=\"elementor-element elementor-element-455ebcc elementor-widget elementor-widget-heading\" data-id=\"455ebcc\" data-element_type=\"widget\" data-e-type=\"widget\" data-widget_type=\"heading.default\">\n\t\t\t\t<div class=\"elementor-widget-container\">\n\t\t\t\t\t<h4 class=\"elementor-heading-title elementor-size-default\">Die Familie Ir\u0161i\u010d<\/h4>\t\t\t\t<\/div>\n\t\t\t\t<\/div>\n\t\t\t\t<div class=\"elementor-element elementor-element-27ca678 elementor-widget elementor-widget-text-editor\" data-id=\"27ca678\" data-element_type=\"widget\" data-e-type=\"widget\" data-widget_type=\"text-editor.default\">\n\t\t\t\t<div class=\"elementor-widget-container\">\n\t\t\t\t\t\t\t\t\t<p>Wir sind ein Familienunternehmen mit mehr als 30 Jahren Tradition. Wir lassen uns von der Harmonie der Natur inspirieren und streben danach, unseren G\u00e4sten unvergessliche kulinarische Erlebnisse zu bereiten.<\/p>\n\t\t\t\t\t\t\t\t<\/div>\n\t\t\t\t<\/div>\n\t\t\t\t\t<\/div>\n\t\t<\/div>\n\t\t\t\t\t<\/div>\n\t\t<\/section>\n\t\t\t\t<section class=\"elementor-section elementor-top-section elementor-element elementor-element-92db2ea elementor-reverse-mobile elementor-section-boxed elementor-section-height-default elementor-section-height-default\" data-id=\"92db2ea\" data-element_type=\"section\" data-e-type=\"section\">\n\t\t\t\t\t\t<div class=\"elementor-container elementor-column-gap-default\">\n\t\t\t\t\t<div class=\"elementor-column elementor-col-50 elementor-top-column elementor-element elementor-element-d76d739\" data-id=\"d76d739\" data-element_type=\"column\" data-e-type=\"column\">\n\t\t\t<div class=\"elementor-widget-wrap elementor-element-populated\">\n\t\t\t\t\t\t<div class=\"elementor-element elementor-element-3469c04 elementor-widget elementor-widget-heading\" data-id=\"3469c04\" data-element_type=\"widget\" data-e-type=\"widget\" data-widget_type=\"heading.default\">\n\t\t\t\t<div class=\"elementor-widget-container\">\n\t\t\t\t\t<h4 class=\"elementor-heading-title elementor-size-default\">Unsere K\u00fcche<\/h4>\t\t\t\t<\/div>\n\t\t\t\t<\/div>\n\t\t\t\t<div class=\"elementor-element elementor-element-8575d8c elementor-widget elementor-widget-text-editor\" data-id=\"8575d8c\" data-element_type=\"widget\" data-e-type=\"widget\" data-widget_type=\"text-editor.default\">\n\t\t\t\t<div class=\"elementor-widget-container\">\n\t\t\t\t\t\t\t\t\t<p>Wir m\u00f6chten unseren G\u00e4sten ein unvergessliches kulinarisches Erlebnis in einer angenehmen und nat\u00fcrlichen Umgebung bieten. Bei uns dreht sich also alles um Natur und hochwertige Lebensmittel. Deshalb lautet unser Slogan &#8222;Aus Liebe zur K\u00fcche und zur Natur&#8220;.<\/p>\n\t\t\t\t\t\t\t\t<\/div>\n\t\t\t\t<\/div>\n\t\t\t\t\t<\/div>\n\t\t<\/div>\n\t\t\t\t<div class=\"elementor-column elementor-col-50 elementor-top-column elementor-element elementor-element-dbd3f08\" data-id=\"dbd3f08\" data-element_type=\"column\" data-e-type=\"column\">\n\t\t\t<div class=\"elementor-widget-wrap elementor-element-populated\">\n\t\t\t\t\t\t<div class=\"elementor-element elementor-element-c0cb391 elementor-invisible elementor-widget elementor-widget-image\" data-id=\"c0cb391\" data-element_type=\"widget\" data-e-type=\"widget\" data-settings=\"{&quot;_animation&quot;:&quot;fadeInUp&quot;}\" data-widget_type=\"image.default\">\n\t\t\t\t<div class=\"elementor-widget-container\">\n\t\t\t\t\t\t\t\t\t\t\t\t\t\t\t<img decoding=\"async\" width=\"2560\" height=\"1707\" src=\"https:\/\/gostisce-irsic.com\/wp-content\/uploads\/2023\/08\/ROKM0415-scaled.jpg\" class=\"attachment-full size-full wp-image-2413\" alt=\"\" srcset=\"https:\/\/gostisce-irsic.com\/wp-content\/uploads\/2023\/08\/ROKM0415-scaled.jpg 2560w, https:\/\/gostisce-irsic.com\/wp-content\/uploads\/2023\/08\/ROKM0415-300x200.jpg 300w, https:\/\/gostisce-irsic.com\/wp-content\/uploads\/2023\/08\/ROKM0415-1024x683.jpg 1024w, https:\/\/gostisce-irsic.com\/wp-content\/uploads\/2023\/08\/ROKM0415-768x512.jpg 768w, https:\/\/gostisce-irsic.com\/wp-content\/uploads\/2023\/08\/ROKM0415-1536x1024.jpg 1536w, https:\/\/gostisce-irsic.com\/wp-content\/uploads\/2023\/08\/ROKM0415-2048x1365.jpg 2048w\" sizes=\"(max-width: 2560px) 100vw, 2560px\" \/>\t\t\t\t\t\t\t\t\t\t\t\t\t\t\t<\/div>\n\t\t\t\t<\/div>\n\t\t\t\t\t<\/div>\n\t\t<\/div>\n\t\t\t\t\t<\/div>\n\t\t<\/section>\n\t\t\t\t<section class=\"elementor-section elementor-top-section elementor-element elementor-element-a1325c6 elementor-section-full_width elementor-section-height-default elementor-section-height-default\" data-id=\"a1325c6\" data-element_type=\"section\" data-e-type=\"section\">\n\t\t\t\t\t\t<div class=\"elementor-container elementor-column-gap-default\">\n\t\t\t\t\t<div class=\"elementor-column elementor-col-100 elementor-top-column elementor-element elementor-element-d014365\" data-id=\"d014365\" data-element_type=\"column\" data-e-type=\"column\">\n\t\t\t<div class=\"elementor-widget-wrap elementor-element-populated\">\n\t\t\t\t\t\t<div class=\"elementor-element elementor-element-312bf68 elementor-widget elementor-widget-photo_panorama_el\" data-id=\"312bf68\" data-element_type=\"widget\" data-e-type=\"widget\" data-widget_type=\"photo_panorama_el.default\">\n\t\t\t\t<div class=\"elementor-widget-container\">\n\t\t\t\t\t<style><\/style><div id=\"ps_el_69f1be1087296\" class=\"ps-el-viewer\"\n     data-ps-params=\"{&quot;panorama&quot;:&quot;https:\\\/\\\/gostisce-irsic.com\\\/wp-content\\\/uploads\\\/2023\\\/08\\\/360-scaled.jpg&quot;,&quot;loading_txt&quot;:&quot;Loading...&quot;,&quot;type_height&quot;:&quot;default&quot;,&quot;default_fov&quot;:99,&quot;mousemove&quot;:&quot;true&quot;,&quot;anim_speed&quot;:&quot;1rpm&quot;,&quot;container_id&quot;:&quot;69f1be1087296&quot;,&quot;size&quot;:{&quot;height&quot;:&quot;600&quot;},&quot;time_anim&quot;:false,&quot;min_fov&quot;:10,&quot;max_fov&quot;:90,&quot;navbar&quot;:[&quot;zoom&quot;],&quot;caption&quot;:false,&quot;as_bg&quot;:false,&quot;mousewheel&quot;:false,&quot;mousemove_hover&quot;:false,&quot;enable_marker&quot;:false,&quot;navbar_enable&quot;:false,&quot;display_markers&quot;:false,&quot;display_gyroscope&quot;:false,&quot;display_caption&quot;:false,&quot;enable_cropped&quot;:false}\">\n\n\t\n<\/div>\n\n\t\t\t\t<\/div>\n\t\t\t\t<\/div>\n\t\t\t\t\t<\/div>\n\t\t<\/div>\n\t\t\t\t\t<\/div>\n\t\t<\/section>\n\t\t\t\t<\/div>\n\t\t","protected":false},"excerpt":{"rendered":"<p>\u00dcBER UNS HOSTEL IR\u0160I\u010c Mehr als 30 Jahre Tradition Die Familie Ir\u0161i\u010d Wir sind ein Familienunternehmen mit mehr als 30 Jahren Tradition. Wir lassen uns von der Harmonie der Natur inspirieren und streben danach, unseren G\u00e4sten unvergessliche kulinarische Erlebnisse zu bereiten. Unsere K\u00fcche Wir m\u00f6chten unseren G\u00e4sten ein unvergessliches kulinarisches Erlebnis in einer angenehmen und [&hellip;]<\/p>\n","protected":false},"author":1,"featured_media":0,"parent":0,"menu_order":0,"comment_status":"closed","ping_status":"closed","template":"","meta":{"site-sidebar-layout":"no-sidebar","site-content-layout":"page-builder","ast-site-content-layout":"default","site-content-style":"default","site-sidebar-style":"default","ast-global-header-display":"","ast-banner-title-visibility":"","ast-main-header-display":"","ast-hfb-above-header-display":"","ast-hfb-below-header-display":"","ast-hfb-mobile-header-display":"","site-post-title":"disabled","ast-breadcrumbs-content":"","ast-featured-img":"disabled","footer-sml-layout":"","ast-disable-related-posts":"","theme-transparent-header-meta":"enabled","adv-header-id-meta":"","stick-header-meta":"","header-above-stick-meta":"","header-main-stick-meta":"","header-below-stick-meta":"","astra-migrate-meta-layouts":"default","ast-page-background-enabled":"default","ast-page-background-meta":{"desktop":{"background-color":"var(--ast-global-color-4)","background-image":"","background-repeat":"repeat","background-position":"center center","background-size":"auto","background-attachment":"scroll","background-type":"","background-media":"","overlay-type":"","overlay-color":"","overlay-opacity":"","overlay-gradient":""},"tablet":{"background-color":"","background-image":"","background-repeat":"repeat","background-position":"center center","background-size":"auto","background-attachment":"scroll","background-type":"","background-media":"","overlay-type":"","overlay-color":"","overlay-opacity":"","overlay-gradient":""},"mobile":{"background-color":"","background-image":"","background-repeat":"repeat","background-position":"center center","background-size":"auto","background-attachment":"scroll","background-type":"","background-media":"","overlay-type":"","overlay-color":"","overlay-opacity":"","overlay-gradient":""}},"ast-content-background-meta":{"desktop":{"background-color":"var(--ast-global-color-5)","background-image":"","background-repeat":"repeat","background-position":"center center","background-size":"auto","background-attachment":"scroll","background-type":"","background-media":"","overlay-type":"","overlay-color":"","overlay-opacity":"","overlay-gradient":""},"tablet":{"background-color":"var(--ast-global-color-5)","background-image":"","background-repeat":"repeat","background-position":"center center","background-size":"auto","background-attachment":"scroll","background-type":"","background-media":"","overlay-type":"","overlay-color":"","overlay-opacity":"","overlay-gradient":""},"mobile":{"background-color":"var(--ast-global-color-5)","background-image":"","background-repeat":"repeat","background-position":"center center","background-size":"auto","background-attachment":"scroll","background-type":"","background-media":"","overlay-type":"","overlay-color":"","overlay-opacity":"","overlay-gradient":""}},"footnotes":""},"class_list":["post-2455","page","type-page","status-publish","hentry"],"_links":{"self":[{"href":"https:\/\/gostisce-irsic.com\/de\/wp-json\/wp\/v2\/pages\/2455","targetHints":{"allow":["GET"]}}],"collection":[{"href":"https:\/\/gostisce-irsic.com\/de\/wp-json\/wp\/v2\/pages"}],"about":[{"href":"https:\/\/gostisce-irsic.com\/de\/wp-json\/wp\/v2\/types\/page"}],"author":[{"embeddable":true,"href":"https:\/\/gostisce-irsic.com\/de\/wp-json\/wp\/v2\/users\/1"}],"replies":[{"embeddable":true,"href":"https:\/\/gostisce-irsic.com\/de\/wp-json\/wp\/v2\/comments?post=2455"}],"version-history":[{"count":6,"href":"https:\/\/gostisce-irsic.com\/de\/wp-json\/wp\/v2\/pages\/2455\/revisions"}],"predecessor-version":[{"id":2659,"href":"https:\/\/gostisce-irsic.com\/de\/wp-json\/wp\/v2\/pages\/2455\/revisions\/2659"}],"wp:attachment":[{"href":"https:\/\/gostisce-irsic.com\/de\/wp-json\/wp\/v2\/media?parent=2455"}],"curies":[{"name":"wp","href":"https:\/\/api.w.org\/{rel}","templated":true}]}}